{"id":15461,"date":"2024-08-20T23:06:30","date_gmt":"2024-08-20T23:06:30","guid":{"rendered":"https:\/\/theglowhouse.mx\/?post_type=product&#038;p=15461"},"modified":"2024-08-20T23:06:30","modified_gmt":"2024-08-20T23:06:30","slug":"paquete-de-velas-neon","status":"publish","type":"product","link":"https:\/\/theglowhouse.mx\/index.php\/producto\/paquete-de-velas-neon\/","title":{"rendered":"Paquete de velas ne\u00f3n"},"content":{"rendered":"<p>Paquete de velas ne\u00f3n, 10 piezas del &#8220;0&#8221; al &#8220;9&#8221; del color de tu elecci\u00f3n<\/p>\n","protected":false},"excerpt":{"rendered":"<p>Paquete de velas ne\u00f3n, 10 piezas del &#8220;0&#8221; al &#8220;9&#8221; del color de tu elecci\u00f3n<\/p>\n","protected":false},"featured_media":15183,"comment_status":"closed","ping_status":"closed","template":"","meta":{"site-sidebar-layout":"default","site-content-layout":"","ast-site-content-layout":"default","site-content-style":"default","site-sidebar-style":"default","ast-global-header-display":"","ast-banner-title-visibility":"","ast-main-header-display":"","ast-hfb-above-header-display":"","ast-hfb-below-header-display":"","ast-hfb-mobile-header-display":"","site-post-title":"","ast-breadcrumbs-content":"","ast-featured-img":"","footer-sml-layout":"","theme-transparent-header-meta":"default","adv-header-id-meta":"","stick-header-meta":"","header-above-stick-meta":"","header-main-stick-meta":"","header-below-stick-meta":"","astra-migrate-meta-layouts":"set","ast-page-background-enabled":"default","ast-page-background-meta":{"desktop":{"background-color":"var(--ast-global-color-4)","background-image":"","background-repeat":"repeat","background-position":"center center","background-size":"auto","background-attachment":"scroll","background-type":"","background-media":"","overlay-type":"","overlay-color":"","overlay-opacity":"","overlay-gradient":""},"tablet":{"background-color":"","background-image":"","background-repeat":"repeat","background-position":"center center","background-size":"auto","background-attachment":"scroll","background-type":"","background-media":"","overlay-type":"","overlay-color":"","overlay-opacity":"","overlay-gradient":""},"mobile":{"background-color":"","background-image":"","background-repeat":"repeat","background-position":"center center","background-size":"auto","background-attachment":"scroll","background-type":"","background-media":"","overlay-type":"","overlay-color":"","overlay-opacity":"","overlay-gradient":""}},"ast-content-background-meta":{"desktop":{"background-color":"var(--ast-global-color-5)","background-image":"","background-repeat":"repeat","background-position":"center center","background-size":"auto","background-attachment":"scroll","background-type":"","background-media":"","overlay-type":"","overlay-color":"","overlay-opacity":"","overlay-gradient":""},"tablet":{"background-color":"var(--ast-global-color-5)","background-image":"","background-repeat":"repeat","background-position":"center center","background-size":"auto","background-attachment":"scroll","background-type":"","background-media":"","overlay-type":"","overlay-color":"","overlay-opacity":"","overlay-gradient":""},"mobile":{"background-color":"var(--ast-global-color-5)","background-image":"","background-repeat":"repeat","background-position":"center center","background-size":"auto","background-attachment":"scroll","background-type":"","background-media":"","overlay-type":"","overlay-color":"","overlay-opacity":"","overlay-gradient":""}},"_joinchat":[]},"product_brand":[],"product_cat":[47],"product_tag":[],"class_list":{"0":"post-15461","1":"product","2":"type-product","3":"status-publish","4":"has-post-thumbnail","6":"product_cat-velas-neon","7":"pa_color-amarillo-ambar","8":"pa_color-anaranjado","9":"pa_color-azul-ice","10":"pa_color-azul-rey","11":"pa_color-blanco-calido","12":"pa_color-blanco-frio","13":"pa_color-morado","14":"pa_color-rojo","15":"pa_color-rosa","16":"pa_color-verde","17":"desktop-align-center","18":"tablet-align-left","19":"mobile-align-left","20":"ast-product-gallery-layout-horizontal-slider","21":"ast-product-gallery-with-no-image","22":"ast-product-single-variable","23":"ast-product-tabs-layout-horizontal","25":"first","26":"instock","27":"taxable","28":"shipping-taxable","29":"purchasable","30":"product-type-variable"},"yoast_head":"<!-- This site is optimized with the Yoast SEO plugin v25.9 - https:\/\/yoast.com\/wordpress\/plugins\/seo\/ -->\n<title>Paquete de velas ne\u00f3n - Theglow House<\/title>\n<meta name=\"robots\" content=\"index, follow, max-snippet:-1, max-image-preview:large, max-video-preview:-1\" \/>\n<link rel=\"canonical\" href=\"https:\/\/theglowhouse.mx\/index.php\/producto\/paquete-de-velas-neon\/\" \/>\n<meta property=\"og:locale\" content=\"es_MX\" \/>\n<meta property=\"og:type\" content=\"article\" \/>\n<meta property=\"og:title\" content=\"Paquete de velas ne\u00f3n - Theglow House\" \/>\n<meta property=\"og:description\" content=\"Paquete de velas ne\u00f3n, 10 piezas del &quot;0&quot; al &quot;9&quot; del color de tu elecci\u00f3n\" \/>\n<meta property=\"og:url\" content=\"https:\/\/theglowhouse.mx\/index.php\/producto\/paquete-de-velas-neon\/\" \/>\n<meta property=\"og:site_name\" content=\"Theglow House\" \/>\n<meta property=\"og:image\" content=\"https:\/\/theglowhouse.mx\/wp-content\/uploads\/2024\/08\/WhatsApp-Image-2024-08-08-at-11.36.53-AM.jpeg\" \/>\n\t<meta property=\"og:image:width\" content=\"1080\" \/>\n\t<meta property=\"og:image:height\" content=\"1080\" \/>\n\t<meta property=\"og:image:type\" content=\"image\/jpeg\" \/>\n<meta name=\"twitter:card\" content=\"summary_large_image\" \/>\n<script type=\"application\/ld+json\" class=\"yoast-schema-graph\">{\"@context\":\"https:\/\/schema.org\",\"@graph\":[{\"@type\":\"WebPage\",\"@id\":\"https:\/\/theglowhouse.mx\/index.php\/producto\/paquete-de-velas-neon\/\",\"url\":\"https:\/\/theglowhouse.mx\/index.php\/producto\/paquete-de-velas-neon\/\",\"name\":\"Paquete de velas ne\u00f3n - Theglow House\",\"isPartOf\":{\"@id\":\"https:\/\/theglowhouse.mx\/#website\"},\"primaryImageOfPage\":{\"@id\":\"https:\/\/theglowhouse.mx\/index.php\/producto\/paquete-de-velas-neon\/#primaryimage\"},\"image\":{\"@id\":\"https:\/\/theglowhouse.mx\/index.php\/producto\/paquete-de-velas-neon\/#primaryimage\"},\"thumbnailUrl\":\"https:\/\/theglowhouse.mx\/wp-content\/uploads\/2024\/08\/WhatsApp-Image-2024-08-08-at-11.36.53-AM.jpeg\",\"datePublished\":\"2024-08-20T23:06:30+00:00\",\"breadcrumb\":{\"@id\":\"https:\/\/theglowhouse.mx\/index.php\/producto\/paquete-de-velas-neon\/#breadcrumb\"},\"inLanguage\":\"es\",\"potentialAction\":[{\"@type\":\"ReadAction\",\"target\":[\"https:\/\/theglowhouse.mx\/index.php\/producto\/paquete-de-velas-neon\/\"]}]},{\"@type\":\"ImageObject\",\"inLanguage\":\"es\",\"@id\":\"https:\/\/theglowhouse.mx\/index.php\/producto\/paquete-de-velas-neon\/#primaryimage\",\"url\":\"https:\/\/theglowhouse.mx\/wp-content\/uploads\/2024\/08\/WhatsApp-Image-2024-08-08-at-11.36.53-AM.jpeg\",\"contentUrl\":\"https:\/\/theglowhouse.mx\/wp-content\/uploads\/2024\/08\/WhatsApp-Image-2024-08-08-at-11.36.53-AM.jpeg\",\"width\":1080,\"height\":1080},{\"@type\":\"BreadcrumbList\",\"@id\":\"https:\/\/theglowhouse.mx\/index.php\/producto\/paquete-de-velas-neon\/#breadcrumb\",\"itemListElement\":[{\"@type\":\"ListItem\",\"position\":1,\"name\":\"Inicio\",\"item\":\"https:\/\/theglowhouse.mx\/\"},{\"@type\":\"ListItem\",\"position\":2,\"name\":\"Tienda\",\"item\":\"https:\/\/theglowhouse.mx\/index.php\/tienda\/\"},{\"@type\":\"ListItem\",\"position\":3,\"name\":\"Paquete de velas ne\u00f3n\"}]},{\"@type\":\"WebSite\",\"@id\":\"https:\/\/theglowhouse.mx\/#website\",\"url\":\"https:\/\/theglowhouse.mx\/\",\"name\":\"The Glow House\",\"description\":\"\",\"publisher\":{\"@id\":\"https:\/\/theglowhouse.mx\/#organization\"},\"potentialAction\":[{\"@type\":\"SearchAction\",\"target\":{\"@type\":\"EntryPoint\",\"urlTemplate\":\"https:\/\/theglowhouse.mx\/?s={search_term_string}\"},\"query-input\":{\"@type\":\"PropertyValueSpecification\",\"valueRequired\":true,\"valueName\":\"search_term_string\"}}],\"inLanguage\":\"es\"},{\"@type\":\"Organization\",\"@id\":\"https:\/\/theglowhouse.mx\/#organization\",\"name\":\"The Glow House\",\"url\":\"https:\/\/theglowhouse.mx\/\",\"logo\":{\"@type\":\"ImageObject\",\"inLanguage\":\"es\",\"@id\":\"https:\/\/theglowhouse.mx\/#\/schema\/logo\/image\/\",\"url\":\"https:\/\/theglowhouse.mx\/wp-content\/uploads\/2023\/01\/tghblanco.png\",\"contentUrl\":\"https:\/\/theglowhouse.mx\/wp-content\/uploads\/2023\/01\/tghblanco.png\",\"width\":4358,\"height\":2123,\"caption\":\"The Glow House\"},\"image\":{\"@id\":\"https:\/\/theglowhouse.mx\/#\/schema\/logo\/image\/\"}}]}<\/script>\n<!-- \/ Yoast SEO plugin. -->","yoast_head_json":{"title":"Paquete de velas ne\u00f3n - Theglow House","robots":{"index":"index","follow":"follow","max-snippet":"max-snippet:-1","max-image-preview":"max-image-preview:large","max-video-preview":"max-video-preview:-1"},"canonical":"https:\/\/theglowhouse.mx\/index.php\/producto\/paquete-de-velas-neon\/","og_locale":"es_MX","og_type":"article","og_title":"Paquete de velas ne\u00f3n - Theglow House","og_description":"Paquete de velas ne\u00f3n, 10 piezas del \"0\" al \"9\" del color de tu elecci\u00f3n","og_url":"https:\/\/theglowhouse.mx\/index.php\/producto\/paquete-de-velas-neon\/","og_site_name":"Theglow House","og_image":[{"width":1080,"height":1080,"url":"https:\/\/theglowhouse.mx\/wp-content\/uploads\/2024\/08\/WhatsApp-Image-2024-08-08-at-11.36.53-AM.jpeg","type":"image\/jpeg"}],"twitter_card":"summary_large_image","schema":{"@context":"https:\/\/schema.org","@graph":[{"@type":"WebPage","@id":"https:\/\/theglowhouse.mx\/index.php\/producto\/paquete-de-velas-neon\/","url":"https:\/\/theglowhouse.mx\/index.php\/producto\/paquete-de-velas-neon\/","name":"Paquete de velas ne\u00f3n - Theglow House","isPartOf":{"@id":"https:\/\/theglowhouse.mx\/#website"},"primaryImageOfPage":{"@id":"https:\/\/theglowhouse.mx\/index.php\/producto\/paquete-de-velas-neon\/#primaryimage"},"image":{"@id":"https:\/\/theglowhouse.mx\/index.php\/producto\/paquete-de-velas-neon\/#primaryimage"},"thumbnailUrl":"https:\/\/theglowhouse.mx\/wp-content\/uploads\/2024\/08\/WhatsApp-Image-2024-08-08-at-11.36.53-AM.jpeg","datePublished":"2024-08-20T23:06:30+00:00","breadcrumb":{"@id":"https:\/\/theglowhouse.mx\/index.php\/producto\/paquete-de-velas-neon\/#breadcrumb"},"inLanguage":"es","potentialAction":[{"@type":"ReadAction","target":["https:\/\/theglowhouse.mx\/index.php\/producto\/paquete-de-velas-neon\/"]}]},{"@type":"ImageObject","inLanguage":"es","@id":"https:\/\/theglowhouse.mx\/index.php\/producto\/paquete-de-velas-neon\/#primaryimage","url":"https:\/\/theglowhouse.mx\/wp-content\/uploads\/2024\/08\/WhatsApp-Image-2024-08-08-at-11.36.53-AM.jpeg","contentUrl":"https:\/\/theglowhouse.mx\/wp-content\/uploads\/2024\/08\/WhatsApp-Image-2024-08-08-at-11.36.53-AM.jpeg","width":1080,"height":1080},{"@type":"BreadcrumbList","@id":"https:\/\/theglowhouse.mx\/index.php\/producto\/paquete-de-velas-neon\/#breadcrumb","itemListElement":[{"@type":"ListItem","position":1,"name":"Inicio","item":"https:\/\/theglowhouse.mx\/"},{"@type":"ListItem","position":2,"name":"Tienda","item":"https:\/\/theglowhouse.mx\/index.php\/tienda\/"},{"@type":"ListItem","position":3,"name":"Paquete de velas ne\u00f3n"}]},{"@type":"WebSite","@id":"https:\/\/theglowhouse.mx\/#website","url":"https:\/\/theglowhouse.mx\/","name":"The Glow House","description":"","publisher":{"@id":"https:\/\/theglowhouse.mx\/#organization"},"potentialAction":[{"@type":"SearchAction","target":{"@type":"EntryPoint","urlTemplate":"https:\/\/theglowhouse.mx\/?s={search_term_string}"},"query-input":{"@type":"PropertyValueSpecification","valueRequired":true,"valueName":"search_term_string"}}],"inLanguage":"es"},{"@type":"Organization","@id":"https:\/\/theglowhouse.mx\/#organization","name":"The Glow House","url":"https:\/\/theglowhouse.mx\/","logo":{"@type":"ImageObject","inLanguage":"es","@id":"https:\/\/theglowhouse.mx\/#\/schema\/logo\/image\/","url":"https:\/\/theglowhouse.mx\/wp-content\/uploads\/2023\/01\/tghblanco.png","contentUrl":"https:\/\/theglowhouse.mx\/wp-content\/uploads\/2023\/01\/tghblanco.png","width":4358,"height":2123,"caption":"The Glow House"},"image":{"@id":"https:\/\/theglowhouse.mx\/#\/schema\/logo\/image\/"}}]}},"jetpack_sharing_enabled":true,"_links":{"self":[{"href":"https:\/\/theglowhouse.mx\/index.php\/wp-json\/wp\/v2\/product\/15461","targetHints":{"allow":["GET"]}}],"collection":[{"href":"https:\/\/theglowhouse.mx\/index.php\/wp-json\/wp\/v2\/product"}],"about":[{"href":"https:\/\/theglowhouse.mx\/index.php\/wp-json\/wp\/v2\/types\/product"}],"replies":[{"embeddable":true,"href":"https:\/\/theglowhouse.mx\/index.php\/wp-json\/wp\/v2\/comments?post=15461"}],"version-history":[{"count":1,"href":"https:\/\/theglowhouse.mx\/index.php\/wp-json\/wp\/v2\/product\/15461\/revisions"}],"predecessor-version":[{"id":15472,"href":"https:\/\/theglowhouse.mx\/index.php\/wp-json\/wp\/v2\/product\/15461\/revisions\/15472"}],"wp:featuredmedia":[{"embeddable":true,"href":"https:\/\/theglowhouse.mx\/index.php\/wp-json\/wp\/v2\/media\/15183"}],"wp:attachment":[{"href":"https:\/\/theglowhouse.mx\/index.php\/wp-json\/wp\/v2\/media?parent=15461"}],"wp:term":[{"taxonomy":"product_brand","embeddable":true,"href":"https:\/\/theglowhouse.mx\/index.php\/wp-json\/wp\/v2\/product_brand?post=15461"},{"taxonomy":"product_cat","embeddable":true,"href":"https:\/\/theglowhouse.mx\/index.php\/wp-json\/wp\/v2\/product_cat?post=15461"},{"taxonomy":"product_tag","embeddable":true,"href":"https:\/\/theglowhouse.mx\/index.php\/wp-json\/wp\/v2\/product_tag?post=15461"}],"curies":[{"name":"wp","href":"https:\/\/api.w.org\/{rel}","templated":true}]}}