{"id":14739,"date":"2023-04-14T00:09:02","date_gmt":"2023-04-14T00:09:02","guid":{"rendered":"https:\/\/theglowhouse.mx\/?post_type=product&#038;p=14739"},"modified":"2024-08-17T17:22:51","modified_gmt":"2024-08-17T17:22:51","slug":"selfie-here","status":"publish","type":"product","link":"https:\/\/theglowhouse.mx\/index.php\/producto\/selfie-here\/","title":{"rendered":"Selfie here"},"content":{"rendered":"<p>Ne\u00f3n Selfie here en tono a elegir. Letrero de ne\u00f3n fabricado en acr\u00edlico de 3mm, manguera LED flexible y orificios para instalci\u00f3n. Incluye kit de instalaci\u00f3n<\/p>\n<p>50 cm x 20 cm<\/p>\n","protected":false},"excerpt":{"rendered":"<p>Ne\u00f3n Selfie here en tono a elegir.<\/p>\n<p>50 cm x 20 cm<\/p>\n","protected":false},"featured_media":14750,"comment_status":"closed","ping_status":"closed","template":"","meta":{"site-sidebar-layout":"default","site-content-layout":"default","ast-site-content-layout":"default","site-content-style":"default","site-sidebar-style":"default","ast-global-header-display":"","ast-banner-title-visibility":"","ast-main-header-display":"","ast-hfb-above-header-display":"","ast-hfb-below-header-display":"","ast-hfb-mobile-header-display":"","site-post-title":"","ast-breadcrumbs-content":"","ast-featured-img":"","footer-sml-layout":"","theme-transparent-header-meta":"default","adv-header-id-meta":"","stick-header-meta":"","header-above-stick-meta":"","header-main-stick-meta":"","header-below-stick-meta":"","astra-migrate-meta-layouts":"set","ast-page-background-enabled":"default","ast-page-background-meta":{"desktop":{"background-color":"var(--ast-global-color-4)","background-image":"","background-repeat":"repeat","background-position":"center center","background-size":"auto","background-attachment":"scroll","background-type":"","background-media":"","overlay-type":"","overlay-color":"","overlay-opacity":"","overlay-gradient":""},"tablet":{"background-color":"","background-image":"","background-repeat":"repeat","background-position":"center center","background-size":"auto","background-attachment":"scroll","background-type":"","background-media":"","overlay-type":"","overlay-color":"","overlay-opacity":"","overlay-gradient":""},"mobile":{"background-color":"","background-image":"","background-repeat":"repeat","background-position":"center center","background-size":"auto","background-attachment":"scroll","background-type":"","background-media":"","overlay-type":"","overlay-color":"","overlay-opacity":"","overlay-gradient":""}},"ast-content-background-meta":{"desktop":{"background-color":"var(--ast-global-color-5)","background-image":"","background-repeat":"repeat","background-position":"center center","background-size":"auto","background-attachment":"scroll","background-type":"","background-media":"","overlay-type":"","overlay-color":"","overlay-opacity":"","overlay-gradient":""},"tablet":{"background-color":"var(--ast-global-color-5)","background-image":"","background-repeat":"repeat","background-position":"center center","background-size":"auto","background-attachment":"scroll","background-type":"","background-media":"","overlay-type":"","overlay-color":"","overlay-opacity":"","overlay-gradient":""},"mobile":{"background-color":"var(--ast-global-color-5)","background-image":"","background-repeat":"repeat","background-position":"center center","background-size":"auto","background-attachment":"scroll","background-type":"","background-media":"","overlay-type":"","overlay-color":"","overlay-opacity":"","overlay-gradient":""}},"_joinchat":[]},"product_brand":[],"product_cat":[65],"product_tag":[],"class_list":{"0":"post-14739","1":"product","2":"type-product","3":"status-publish","4":"has-post-thumbnail","6":"product_cat-spots","7":"pa_color-amarillo-ambar","8":"pa_color-anaranjado","9":"pa_color-azul-ice","10":"pa_color-azul-rey","11":"pa_color-blanco-calido","12":"pa_color-blanco-frio","13":"pa_color-morado","14":"pa_color-rojo","15":"pa_color-rosa","16":"pa_color-verde","17":"desktop-align-center","18":"tablet-align-left","19":"mobile-align-left","20":"ast-product-gallery-layout-horizontal-slider","21":"ast-product-gallery-with-no-image","22":"ast-product-single-variable","23":"ast-product-tabs-layout-horizontal","25":"first","26":"instock","27":"taxable","28":"shipping-taxable","29":"purchasable","30":"product-type-variable"},"yoast_head":"<!-- This site is optimized with the Yoast SEO plugin v25.9 - https:\/\/yoast.com\/wordpress\/plugins\/seo\/ -->\n<title>Selfie here - Theglow House<\/title>\n<meta name=\"robots\" content=\"index, follow, max-snippet:-1, max-image-preview:large, max-video-preview:-1\" \/>\n<link rel=\"canonical\" href=\"https:\/\/theglowhouse.mx\/index.php\/producto\/selfie-here\/\" \/>\n<meta property=\"og:locale\" content=\"es_MX\" \/>\n<meta property=\"og:type\" content=\"article\" \/>\n<meta property=\"og:title\" content=\"Selfie here - Theglow House\" \/>\n<meta property=\"og:description\" content=\"Ne\u00f3n Selfie here en tono a elegir.  50 cm x 20 cm\" \/>\n<meta property=\"og:url\" content=\"https:\/\/theglowhouse.mx\/index.php\/producto\/selfie-here\/\" \/>\n<meta property=\"og:site_name\" content=\"Theglow House\" \/>\n<meta property=\"article:modified_time\" content=\"2024-08-17T17:22:51+00:00\" \/>\n<meta property=\"og:image\" content=\"https:\/\/theglowhouse.mx\/wp-content\/uploads\/2023\/04\/c6e80d9bb93717f6dabb5fdc1bf03ebc.jpg\" \/>\n\t<meta property=\"og:image:width\" content=\"564\" \/>\n\t<meta property=\"og:image:height\" content=\"1002\" \/>\n\t<meta property=\"og:image:type\" content=\"image\/jpeg\" \/>\n<meta name=\"twitter:card\" content=\"summary_large_image\" \/>\n<script type=\"application\/ld+json\" class=\"yoast-schema-graph\">{\"@context\":\"https:\/\/schema.org\",\"@graph\":[{\"@type\":\"WebPage\",\"@id\":\"https:\/\/theglowhouse.mx\/index.php\/producto\/selfie-here\/\",\"url\":\"https:\/\/theglowhouse.mx\/index.php\/producto\/selfie-here\/\",\"name\":\"Selfie here - Theglow House\",\"isPartOf\":{\"@id\":\"https:\/\/theglowhouse.mx\/#website\"},\"primaryImageOfPage\":{\"@id\":\"https:\/\/theglowhouse.mx\/index.php\/producto\/selfie-here\/#primaryimage\"},\"image\":{\"@id\":\"https:\/\/theglowhouse.mx\/index.php\/producto\/selfie-here\/#primaryimage\"},\"thumbnailUrl\":\"https:\/\/theglowhouse.mx\/wp-content\/uploads\/2023\/04\/c6e80d9bb93717f6dabb5fdc1bf03ebc.jpg\",\"datePublished\":\"2023-04-14T00:09:02+00:00\",\"dateModified\":\"2024-08-17T17:22:51+00:00\",\"breadcrumb\":{\"@id\":\"https:\/\/theglowhouse.mx\/index.php\/producto\/selfie-here\/#breadcrumb\"},\"inLanguage\":\"es\",\"potentialAction\":[{\"@type\":\"ReadAction\",\"target\":[\"https:\/\/theglowhouse.mx\/index.php\/producto\/selfie-here\/\"]}]},{\"@type\":\"ImageObject\",\"inLanguage\":\"es\",\"@id\":\"https:\/\/theglowhouse.mx\/index.php\/producto\/selfie-here\/#primaryimage\",\"url\":\"https:\/\/theglowhouse.mx\/wp-content\/uploads\/2023\/04\/c6e80d9bb93717f6dabb5fdc1bf03ebc.jpg\",\"contentUrl\":\"https:\/\/theglowhouse.mx\/wp-content\/uploads\/2023\/04\/c6e80d9bb93717f6dabb5fdc1bf03ebc.jpg\",\"width\":564,\"height\":1002},{\"@type\":\"BreadcrumbList\",\"@id\":\"https:\/\/theglowhouse.mx\/index.php\/producto\/selfie-here\/#breadcrumb\",\"itemListElement\":[{\"@type\":\"ListItem\",\"position\":1,\"name\":\"Inicio\",\"item\":\"https:\/\/theglowhouse.mx\/\"},{\"@type\":\"ListItem\",\"position\":2,\"name\":\"Tienda\",\"item\":\"https:\/\/theglowhouse.mx\/index.php\/tienda\/\"},{\"@type\":\"ListItem\",\"position\":3,\"name\":\"Selfie here\"}]},{\"@type\":\"WebSite\",\"@id\":\"https:\/\/theglowhouse.mx\/#website\",\"url\":\"https:\/\/theglowhouse.mx\/\",\"name\":\"The Glow House\",\"description\":\"\",\"publisher\":{\"@id\":\"https:\/\/theglowhouse.mx\/#organization\"},\"potentialAction\":[{\"@type\":\"SearchAction\",\"target\":{\"@type\":\"EntryPoint\",\"urlTemplate\":\"https:\/\/theglowhouse.mx\/?s={search_term_string}\"},\"query-input\":{\"@type\":\"PropertyValueSpecification\",\"valueRequired\":true,\"valueName\":\"search_term_string\"}}],\"inLanguage\":\"es\"},{\"@type\":\"Organization\",\"@id\":\"https:\/\/theglowhouse.mx\/#organization\",\"name\":\"The Glow House\",\"url\":\"https:\/\/theglowhouse.mx\/\",\"logo\":{\"@type\":\"ImageObject\",\"inLanguage\":\"es\",\"@id\":\"https:\/\/theglowhouse.mx\/#\/schema\/logo\/image\/\",\"url\":\"https:\/\/theglowhouse.mx\/wp-content\/uploads\/2023\/01\/tghblanco.png\",\"contentUrl\":\"https:\/\/theglowhouse.mx\/wp-content\/uploads\/2023\/01\/tghblanco.png\",\"width\":4358,\"height\":2123,\"caption\":\"The Glow House\"},\"image\":{\"@id\":\"https:\/\/theglowhouse.mx\/#\/schema\/logo\/image\/\"}}]}<\/script>\n<!-- \/ Yoast SEO plugin. -->","yoast_head_json":{"title":"Selfie here - Theglow House","robots":{"index":"index","follow":"follow","max-snippet":"max-snippet:-1","max-image-preview":"max-image-preview:large","max-video-preview":"max-video-preview:-1"},"canonical":"https:\/\/theglowhouse.mx\/index.php\/producto\/selfie-here\/","og_locale":"es_MX","og_type":"article","og_title":"Selfie here - Theglow House","og_description":"Ne\u00f3n Selfie here en tono a elegir.  50 cm x 20 cm","og_url":"https:\/\/theglowhouse.mx\/index.php\/producto\/selfie-here\/","og_site_name":"Theglow House","article_modified_time":"2024-08-17T17:22:51+00:00","og_image":[{"width":564,"height":1002,"url":"https:\/\/theglowhouse.mx\/wp-content\/uploads\/2023\/04\/c6e80d9bb93717f6dabb5fdc1bf03ebc.jpg","type":"image\/jpeg"}],"twitter_card":"summary_large_image","schema":{"@context":"https:\/\/schema.org","@graph":[{"@type":"WebPage","@id":"https:\/\/theglowhouse.mx\/index.php\/producto\/selfie-here\/","url":"https:\/\/theglowhouse.mx\/index.php\/producto\/selfie-here\/","name":"Selfie here - Theglow House","isPartOf":{"@id":"https:\/\/theglowhouse.mx\/#website"},"primaryImageOfPage":{"@id":"https:\/\/theglowhouse.mx\/index.php\/producto\/selfie-here\/#primaryimage"},"image":{"@id":"https:\/\/theglowhouse.mx\/index.php\/producto\/selfie-here\/#primaryimage"},"thumbnailUrl":"https:\/\/theglowhouse.mx\/wp-content\/uploads\/2023\/04\/c6e80d9bb93717f6dabb5fdc1bf03ebc.jpg","datePublished":"2023-04-14T00:09:02+00:00","dateModified":"2024-08-17T17:22:51+00:00","breadcrumb":{"@id":"https:\/\/theglowhouse.mx\/index.php\/producto\/selfie-here\/#breadcrumb"},"inLanguage":"es","potentialAction":[{"@type":"ReadAction","target":["https:\/\/theglowhouse.mx\/index.php\/producto\/selfie-here\/"]}]},{"@type":"ImageObject","inLanguage":"es","@id":"https:\/\/theglowhouse.mx\/index.php\/producto\/selfie-here\/#primaryimage","url":"https:\/\/theglowhouse.mx\/wp-content\/uploads\/2023\/04\/c6e80d9bb93717f6dabb5fdc1bf03ebc.jpg","contentUrl":"https:\/\/theglowhouse.mx\/wp-content\/uploads\/2023\/04\/c6e80d9bb93717f6dabb5fdc1bf03ebc.jpg","width":564,"height":1002},{"@type":"BreadcrumbList","@id":"https:\/\/theglowhouse.mx\/index.php\/producto\/selfie-here\/#breadcrumb","itemListElement":[{"@type":"ListItem","position":1,"name":"Inicio","item":"https:\/\/theglowhouse.mx\/"},{"@type":"ListItem","position":2,"name":"Tienda","item":"https:\/\/theglowhouse.mx\/index.php\/tienda\/"},{"@type":"ListItem","position":3,"name":"Selfie here"}]},{"@type":"WebSite","@id":"https:\/\/theglowhouse.mx\/#website","url":"https:\/\/theglowhouse.mx\/","name":"The Glow House","description":"","publisher":{"@id":"https:\/\/theglowhouse.mx\/#organization"},"potentialAction":[{"@type":"SearchAction","target":{"@type":"EntryPoint","urlTemplate":"https:\/\/theglowhouse.mx\/?s={search_term_string}"},"query-input":{"@type":"PropertyValueSpecification","valueRequired":true,"valueName":"search_term_string"}}],"inLanguage":"es"},{"@type":"Organization","@id":"https:\/\/theglowhouse.mx\/#organization","name":"The Glow House","url":"https:\/\/theglowhouse.mx\/","logo":{"@type":"ImageObject","inLanguage":"es","@id":"https:\/\/theglowhouse.mx\/#\/schema\/logo\/image\/","url":"https:\/\/theglowhouse.mx\/wp-content\/uploads\/2023\/01\/tghblanco.png","contentUrl":"https:\/\/theglowhouse.mx\/wp-content\/uploads\/2023\/01\/tghblanco.png","width":4358,"height":2123,"caption":"The Glow House"},"image":{"@id":"https:\/\/theglowhouse.mx\/#\/schema\/logo\/image\/"}}]}},"jetpack_sharing_enabled":true,"_links":{"self":[{"href":"https:\/\/theglowhouse.mx\/index.php\/wp-json\/wp\/v2\/product\/14739","targetHints":{"allow":["GET"]}}],"collection":[{"href":"https:\/\/theglowhouse.mx\/index.php\/wp-json\/wp\/v2\/product"}],"about":[{"href":"https:\/\/theglowhouse.mx\/index.php\/wp-json\/wp\/v2\/types\/product"}],"replies":[{"embeddable":true,"href":"https:\/\/theglowhouse.mx\/index.php\/wp-json\/wp\/v2\/comments?post=14739"}],"version-history":[{"count":1,"href":"https:\/\/theglowhouse.mx\/index.php\/wp-json\/wp\/v2\/product\/14739\/revisions"}],"predecessor-version":[{"id":14751,"href":"https:\/\/theglowhouse.mx\/index.php\/wp-json\/wp\/v2\/product\/14739\/revisions\/14751"}],"wp:featuredmedia":[{"embeddable":true,"href":"https:\/\/theglowhouse.mx\/index.php\/wp-json\/wp\/v2\/media\/14750"}],"wp:attachment":[{"href":"https:\/\/theglowhouse.mx\/index.php\/wp-json\/wp\/v2\/media?parent=14739"}],"wp:term":[{"taxonomy":"product_brand","embeddable":true,"href":"https:\/\/theglowhouse.mx\/index.php\/wp-json\/wp\/v2\/product_brand?post=14739"},{"taxonomy":"product_cat","embeddable":true,"href":"https:\/\/theglowhouse.mx\/index.php\/wp-json\/wp\/v2\/product_cat?post=14739"},{"taxonomy":"product_tag","embeddable":true,"href":"https:\/\/theglowhouse.mx\/index.php\/wp-json\/wp\/v2\/product_tag?post=14739"}],"curies":[{"name":"wp","href":"https:\/\/api.w.org\/{rel}","templated":true}]}}